{"id":3641,"date":"2015-04-09T11:23:09","date_gmt":"2015-04-09T11:23:09","guid":{"rendered":"http:\/\/sanutribabyclub.com\/?p=3641"},"modified":"2023-09-22T16:31:47","modified_gmt":"2023-09-22T16:31:47","slug":"cuarto-mes","status":"publish","type":"page","link":"https:\/\/lni11062011.es\/damira\/embarazo\/cuarto-mes\/","title":{"rendered":"Cuarto mes"},"content":{"rendered":"","protected":false},"excerpt":{"rendered":"","protected":false},"author":1,"featured_media":3642,"parent":17199,"menu_order":0,"comment_status":"closed","ping_status":"closed","template":"","meta":{"rs_blank_template":"","rs_page_bg_color":"","slide_template_v7":"","footnotes":""},"class_list":["post-3641","page","type-page","status-publish","has-post-thumbnail","hentry"],"yoast_head":"<!-- This site is optimized with the Yoast SEO plugin v27.3 - https:\/\/yoast.com\/product\/yoast-seo-wordpress\/ -->\n<title>Cuarto mes de embarazo. la evoluci\u00f3n de tu beb\u00e9 mes a mes en Damira<\/title>\n<meta name=\"description\" content=\"En el cuarto mes de embarazo sus miembros y articulaciones ya est\u00e1n completamente desarrollados. Te informamos de la evoluci\u00f3n de tu beb\u00e9 mes a mes \u00a1Entra!\" \/>\n<meta name=\"robots\" content=\"index, follow, max-snippet:-1, max-image-preview:large, max-video-preview:-1\" \/>\n<link rel=\"canonical\" href=\"https:\/\/lni11062011.es\/damira\/embarazo\/cuarto-mes\/\" \/>\n<meta property=\"og:locale\" content=\"es_ES\" \/>\n<meta property=\"og:type\" content=\"article\" \/>\n<meta property=\"og:title\" content=\"Cuarto mes de embarazo. la evoluci\u00f3n de tu beb\u00e9 mes a mes en Damira\" \/>\n<meta property=\"og:description\" content=\"En el cuarto mes de embarazo sus miembros y articulaciones ya est\u00e1n completamente desarrollados. Te informamos de la evoluci\u00f3n de tu beb\u00e9 mes a mes \u00a1Entra!\" \/>\n<meta property=\"og:url\" content=\"https:\/\/lni11062011.es\/damira\/embarazo\/cuarto-mes\/\" \/>\n<meta property=\"og:site_name\" content=\"Damira\" \/>\n<meta property=\"article:publisher\" content=\"https:\/\/facebook.com\/damira.nutricioninfantil\" \/>\n<meta property=\"article:modified_time\" content=\"2023-09-22T16:31:47+00:00\" \/>\n<meta name=\"twitter:card\" content=\"summary_large_image\" \/>\n<meta name=\"twitter:site\" content=\"@damiranutricion\" \/>\n<script type=\"application\/ld+json\" class=\"yoast-schema-graph\">{\"@context\":\"https:\\\/\\\/schema.org\",\"@graph\":[{\"@type\":\"WebPage\",\"@id\":\"https:\\\/\\\/lni11062011.es\\\/damira\\\/embarazo\\\/cuarto-mes\\\/\",\"url\":\"https:\\\/\\\/lni11062011.es\\\/damira\\\/embarazo\\\/cuarto-mes\\\/\",\"name\":\"Cuarto mes de embarazo. la evoluci\u00f3n de tu beb\u00e9 mes a mes en Damira\",\"isPartOf\":{\"@id\":\"https:\\\/\\\/lni11062011.es\\\/damira\\\/#website\"},\"primaryImageOfPage\":{\"@id\":\"https:\\\/\\\/lni11062011.es\\\/damira\\\/embarazo\\\/cuarto-mes\\\/#primaryimage\"},\"image\":{\"@id\":\"https:\\\/\\\/lni11062011.es\\\/damira\\\/embarazo\\\/cuarto-mes\\\/#primaryimage\"},\"thumbnailUrl\":\"\",\"datePublished\":\"2015-04-09T11:23:09+00:00\",\"dateModified\":\"2023-09-22T16:31:47+00:00\",\"description\":\"En el cuarto mes de embarazo sus miembros y articulaciones ya est\u00e1n completamente desarrollados. Te informamos de la evoluci\u00f3n de tu beb\u00e9 mes a mes \u00a1Entra!\",\"breadcrumb\":{\"@id\":\"https:\\\/\\\/lni11062011.es\\\/damira\\\/embarazo\\\/cuarto-mes\\\/#breadcrumb\"},\"inLanguage\":\"es\",\"potentialAction\":[{\"@type\":\"ReadAction\",\"target\":[\"https:\\\/\\\/lni11062011.es\\\/damira\\\/embarazo\\\/cuarto-mes\\\/\"]}]},{\"@type\":\"ImageObject\",\"inLanguage\":\"es\",\"@id\":\"https:\\\/\\\/lni11062011.es\\\/damira\\\/embarazo\\\/cuarto-mes\\\/#primaryimage\",\"url\":\"\",\"contentUrl\":\"\"},{\"@type\":\"BreadcrumbList\",\"@id\":\"https:\\\/\\\/lni11062011.es\\\/damira\\\/embarazo\\\/cuarto-mes\\\/#breadcrumb\",\"itemListElement\":[{\"@type\":\"ListItem\",\"position\":1,\"name\":\"Portada\",\"item\":\"https:\\\/\\\/lni11062011.es\\\/damira\\\/\"},{\"@type\":\"ListItem\",\"position\":2,\"name\":\"Embarazo\",\"item\":\"https:\\\/\\\/lni11062011.es\\\/damira\\\/embarazo\\\/\"},{\"@type\":\"ListItem\",\"position\":3,\"name\":\"Cuarto mes\"}]},{\"@type\":\"WebSite\",\"@id\":\"https:\\\/\\\/lni11062011.es\\\/damira\\\/#website\",\"url\":\"https:\\\/\\\/lni11062011.es\\\/damira\\\/\",\"name\":\"Damira\",\"description\":\"Expertos en Nutrici\u00f3n Infantil, trabajamos una amplia gama en leches infantiles, papillas de cereales y galletas para ni\u00f1os.\",\"publisher\":{\"@id\":\"https:\\\/\\\/lni11062011.es\\\/damira\\\/#organization\"},\"potentialAction\":[{\"@type\":\"SearchAction\",\"target\":{\"@type\":\"EntryPoint\",\"urlTemplate\":\"https:\\\/\\\/lni11062011.es\\\/damira\\\/?s={search_term_string}\"},\"query-input\":{\"@type\":\"PropertyValueSpecification\",\"valueRequired\":true,\"valueName\":\"search_term_string\"}}],\"inLanguage\":\"es\"},{\"@type\":\"Organization\",\"@id\":\"https:\\\/\\\/lni11062011.es\\\/damira\\\/#organization\",\"name\":\"DAMIRA\",\"url\":\"https:\\\/\\\/lni11062011.es\\\/damira\\\/\",\"logo\":{\"@type\":\"ImageObject\",\"inLanguage\":\"es\",\"@id\":\"https:\\\/\\\/lni11062011.es\\\/damira\\\/#\\\/schema\\\/logo\\\/image\\\/\",\"url\":\"https:\\\/\\\/lni11062011.es\\\/damira\\\/wp-content\\\/uploads\\\/2018\\\/09\\\/Logo-Damira_home2.jpg\",\"contentUrl\":\"https:\\\/\\\/lni11062011.es\\\/damira\\\/wp-content\\\/uploads\\\/2018\\\/09\\\/Logo-Damira_home2.jpg\",\"width\":\"236\",\"height\":\"95\",\"caption\":\"DAMIRA\"},\"image\":{\"@id\":\"https:\\\/\\\/lni11062011.es\\\/damira\\\/#\\\/schema\\\/logo\\\/image\\\/\"},\"sameAs\":[\"https:\\\/\\\/facebook.com\\\/damira.nutricioninfantil\",\"https:\\\/\\\/x.com\\\/damiranutricion\",\"https:\\\/\\\/www.instagram.com\\\/damira.nutricioninfantil\"]}]}<\/script>\n<!-- \/ Yoast SEO plugin. -->","yoast_head_json":{"title":"Cuarto mes de embarazo. la evoluci\u00f3n de tu beb\u00e9 mes a mes en Damira","description":"En el cuarto mes de embarazo sus miembros y articulaciones ya est\u00e1n completamente desarrollados. Te informamos de la evoluci\u00f3n de tu beb\u00e9 mes a mes \u00a1Entra!","robots":{"index":"index","follow":"follow","max-snippet":"max-snippet:-1","max-image-preview":"max-image-preview:large","max-video-preview":"max-video-preview:-1"},"canonical":"https:\/\/lni11062011.es\/damira\/embarazo\/cuarto-mes\/","og_locale":"es_ES","og_type":"article","og_title":"Cuarto mes de embarazo. la evoluci\u00f3n de tu beb\u00e9 mes a mes en Damira","og_description":"En el cuarto mes de embarazo sus miembros y articulaciones ya est\u00e1n completamente desarrollados. Te informamos de la evoluci\u00f3n de tu beb\u00e9 mes a mes \u00a1Entra!","og_url":"https:\/\/lni11062011.es\/damira\/embarazo\/cuarto-mes\/","og_site_name":"Damira","article_publisher":"https:\/\/facebook.com\/damira.nutricioninfantil","article_modified_time":"2023-09-22T16:31:47+00:00","twitter_card":"summary_large_image","twitter_site":"@damiranutricion","schema":{"@context":"https:\/\/schema.org","@graph":[{"@type":"WebPage","@id":"https:\/\/lni11062011.es\/damira\/embarazo\/cuarto-mes\/","url":"https:\/\/lni11062011.es\/damira\/embarazo\/cuarto-mes\/","name":"Cuarto mes de embarazo. la evoluci\u00f3n de tu beb\u00e9 mes a mes en Damira","isPartOf":{"@id":"https:\/\/lni11062011.es\/damira\/#website"},"primaryImageOfPage":{"@id":"https:\/\/lni11062011.es\/damira\/embarazo\/cuarto-mes\/#primaryimage"},"image":{"@id":"https:\/\/lni11062011.es\/damira\/embarazo\/cuarto-mes\/#primaryimage"},"thumbnailUrl":"","datePublished":"2015-04-09T11:23:09+00:00","dateModified":"2023-09-22T16:31:47+00:00","description":"En el cuarto mes de embarazo sus miembros y articulaciones ya est\u00e1n completamente desarrollados. Te informamos de la evoluci\u00f3n de tu beb\u00e9 mes a mes \u00a1Entra!","breadcrumb":{"@id":"https:\/\/lni11062011.es\/damira\/embarazo\/cuarto-mes\/#breadcrumb"},"inLanguage":"es","potentialAction":[{"@type":"ReadAction","target":["https:\/\/lni11062011.es\/damira\/embarazo\/cuarto-mes\/"]}]},{"@type":"ImageObject","inLanguage":"es","@id":"https:\/\/lni11062011.es\/damira\/embarazo\/cuarto-mes\/#primaryimage","url":"","contentUrl":""},{"@type":"BreadcrumbList","@id":"https:\/\/lni11062011.es\/damira\/embarazo\/cuarto-mes\/#breadcrumb","itemListElement":[{"@type":"ListItem","position":1,"name":"Portada","item":"https:\/\/lni11062011.es\/damira\/"},{"@type":"ListItem","position":2,"name":"Embarazo","item":"https:\/\/lni11062011.es\/damira\/embarazo\/"},{"@type":"ListItem","position":3,"name":"Cuarto mes"}]},{"@type":"WebSite","@id":"https:\/\/lni11062011.es\/damira\/#website","url":"https:\/\/lni11062011.es\/damira\/","name":"Damira","description":"Expertos en Nutrici\u00f3n Infantil, trabajamos una amplia gama en leches infantiles, papillas de cereales y galletas para ni\u00f1os.","publisher":{"@id":"https:\/\/lni11062011.es\/damira\/#organization"},"potentialAction":[{"@type":"SearchAction","target":{"@type":"EntryPoint","urlTemplate":"https:\/\/lni11062011.es\/damira\/?s={search_term_string}"},"query-input":{"@type":"PropertyValueSpecification","valueRequired":true,"valueName":"search_term_string"}}],"inLanguage":"es"},{"@type":"Organization","@id":"https:\/\/lni11062011.es\/damira\/#organization","name":"DAMIRA","url":"https:\/\/lni11062011.es\/damira\/","logo":{"@type":"ImageObject","inLanguage":"es","@id":"https:\/\/lni11062011.es\/damira\/#\/schema\/logo\/image\/","url":"https:\/\/lni11062011.es\/damira\/wp-content\/uploads\/2018\/09\/Logo-Damira_home2.jpg","contentUrl":"https:\/\/lni11062011.es\/damira\/wp-content\/uploads\/2018\/09\/Logo-Damira_home2.jpg","width":"236","height":"95","caption":"DAMIRA"},"image":{"@id":"https:\/\/lni11062011.es\/damira\/#\/schema\/logo\/image\/"},"sameAs":["https:\/\/facebook.com\/damira.nutricioninfantil","https:\/\/x.com\/damiranutricion","https:\/\/www.instagram.com\/damira.nutricioninfantil"]}]}},"_links":{"self":[{"href":"https:\/\/lni11062011.es\/damira\/wp-json\/wp\/v2\/pages\/3641","targetHints":{"allow":["GET"]}}],"collection":[{"href":"https:\/\/lni11062011.es\/damira\/wp-json\/wp\/v2\/pages"}],"about":[{"href":"https:\/\/lni11062011.es\/damira\/wp-json\/wp\/v2\/types\/page"}],"author":[{"embeddable":true,"href":"https:\/\/lni11062011.es\/damira\/wp-json\/wp\/v2\/users\/1"}],"replies":[{"embeddable":true,"href":"https:\/\/lni11062011.es\/damira\/wp-json\/wp\/v2\/comments?post=3641"}],"version-history":[{"count":0,"href":"https:\/\/lni11062011.es\/damira\/wp-json\/wp\/v2\/pages\/3641\/revisions"}],"up":[{"embeddable":true,"href":"https:\/\/lni11062011.es\/damira\/wp-json\/wp\/v2\/pages\/17199"}],"wp:featuredmedia":[{"embeddable":true,"href":"https:\/\/lni11062011.es\/damira\/wp-json\/"}],"wp:attachment":[{"href":"https:\/\/lni11062011.es\/damira\/wp-json\/wp\/v2\/media?parent=3641"}],"curies":[{"name":"wp","href":"https:\/\/api.w.org\/{rel}","templated":true}]}}