{"id":3596,"date":"2015-03-16T08:14:42","date_gmt":"2015-03-16T08:14:42","guid":{"rendered":"http:\/\/sanutribabyclub.com\/?p=3596"},"modified":"2023-09-22T14:33:56","modified_gmt":"2023-09-22T14:33:56","slug":"primer-mes","status":"publish","type":"page","link":"https:\/\/lni11062011.es\/damira\/embarazo\/primer-mes\/","title":{"rendered":"Primer mes"},"content":{"rendered":"","protected":false},"excerpt":{"rendered":"","protected":false},"author":1,"featured_media":3597,"parent":17199,"menu_order":0,"comment_status":"closed","ping_status":"closed","template":"","meta":{"rs_blank_template":"","rs_page_bg_color":"","slide_template_v7":"","footnotes":""},"class_list":["post-3596","page","type-page","status-publish","has-post-thumbnail","hentry"],"yoast_head":"<!-- This site is optimized with the Yoast SEO plugin v27.3 - https:\/\/yoast.com\/product\/yoast-seo-wordpress\/ -->\n<title>Primer mes de embarazo, \u00a1Felicidades! Quedan 9 meses para cuidarte<\/title>\n<meta name=\"description\" content=\"\u00a1Vas a ser mam\u00e1! Enhorabuena. Est\u00e1s empezando a vivir una de las etapas m\u00e1s bonitas e intensas de la vida de una mujer. \u00a1Entra para informarte!\" \/>\n<meta name=\"robots\" content=\"index, follow, max-snippet:-1, max-image-preview:large, max-video-preview:-1\" \/>\n<link rel=\"canonical\" href=\"https:\/\/lni11062011.es\/damira\/embarazo\/primer-mes\/\" \/>\n<meta property=\"og:locale\" content=\"es_ES\" \/>\n<meta property=\"og:type\" content=\"article\" \/>\n<meta property=\"og:title\" content=\"Primer mes de embarazo, \u00a1Felicidades! Quedan 9 meses para cuidarte\" \/>\n<meta property=\"og:description\" content=\"\u00a1Vas a ser mam\u00e1! Enhorabuena. Est\u00e1s empezando a vivir una de las etapas m\u00e1s bonitas e intensas de la vida de una mujer. \u00a1Entra para informarte!\" \/>\n<meta property=\"og:url\" content=\"https:\/\/lni11062011.es\/damira\/embarazo\/primer-mes\/\" \/>\n<meta property=\"og:site_name\" content=\"Damira\" \/>\n<meta property=\"article:publisher\" content=\"https:\/\/facebook.com\/damira.nutricioninfantil\" \/>\n<meta property=\"article:modified_time\" content=\"2023-09-22T14:33:56+00:00\" \/>\n<meta name=\"twitter:card\" content=\"summary_large_image\" \/>\n<meta name=\"twitter:site\" content=\"@damiranutricion\" \/>\n<script type=\"application\/ld+json\" class=\"yoast-schema-graph\">{\"@context\":\"https:\\\/\\\/schema.org\",\"@graph\":[{\"@type\":\"WebPage\",\"@id\":\"https:\\\/\\\/lni11062011.es\\\/damira\\\/embarazo\\\/primer-mes\\\/\",\"url\":\"https:\\\/\\\/lni11062011.es\\\/damira\\\/embarazo\\\/primer-mes\\\/\",\"name\":\"Primer mes de embarazo, \u00a1Felicidades! Quedan 9 meses para cuidarte\",\"isPartOf\":{\"@id\":\"https:\\\/\\\/lni11062011.es\\\/damira\\\/#website\"},\"primaryImageOfPage\":{\"@id\":\"https:\\\/\\\/lni11062011.es\\\/damira\\\/embarazo\\\/primer-mes\\\/#primaryimage\"},\"image\":{\"@id\":\"https:\\\/\\\/lni11062011.es\\\/damira\\\/embarazo\\\/primer-mes\\\/#primaryimage\"},\"thumbnailUrl\":\"\",\"datePublished\":\"2015-03-16T08:14:42+00:00\",\"dateModified\":\"2023-09-22T14:33:56+00:00\",\"description\":\"\u00a1Vas a ser mam\u00e1! Enhorabuena. Est\u00e1s empezando a vivir una de las etapas m\u00e1s bonitas e intensas de la vida de una mujer. \u00a1Entra para informarte!\",\"breadcrumb\":{\"@id\":\"https:\\\/\\\/lni11062011.es\\\/damira\\\/embarazo\\\/primer-mes\\\/#breadcrumb\"},\"inLanguage\":\"es\",\"potentialAction\":[{\"@type\":\"ReadAction\",\"target\":[\"https:\\\/\\\/lni11062011.es\\\/damira\\\/embarazo\\\/primer-mes\\\/\"]}]},{\"@type\":\"ImageObject\",\"inLanguage\":\"es\",\"@id\":\"https:\\\/\\\/lni11062011.es\\\/damira\\\/embarazo\\\/primer-mes\\\/#primaryimage\",\"url\":\"\",\"contentUrl\":\"\"},{\"@type\":\"BreadcrumbList\",\"@id\":\"https:\\\/\\\/lni11062011.es\\\/damira\\\/embarazo\\\/primer-mes\\\/#breadcrumb\",\"itemListElement\":[{\"@type\":\"ListItem\",\"position\":1,\"name\":\"Portada\",\"item\":\"https:\\\/\\\/lni11062011.es\\\/damira\\\/\"},{\"@type\":\"ListItem\",\"position\":2,\"name\":\"Embarazo\",\"item\":\"https:\\\/\\\/lni11062011.es\\\/damira\\\/embarazo\\\/\"},{\"@type\":\"ListItem\",\"position\":3,\"name\":\"Primer mes\"}]},{\"@type\":\"WebSite\",\"@id\":\"https:\\\/\\\/lni11062011.es\\\/damira\\\/#website\",\"url\":\"https:\\\/\\\/lni11062011.es\\\/damira\\\/\",\"name\":\"Damira\",\"description\":\"Expertos en Nutrici\u00f3n Infantil, trabajamos una amplia gama en leches infantiles, papillas de cereales y galletas para ni\u00f1os.\",\"publisher\":{\"@id\":\"https:\\\/\\\/lni11062011.es\\\/damira\\\/#organization\"},\"potentialAction\":[{\"@type\":\"SearchAction\",\"target\":{\"@type\":\"EntryPoint\",\"urlTemplate\":\"https:\\\/\\\/lni11062011.es\\\/damira\\\/?s={search_term_string}\"},\"query-input\":{\"@type\":\"PropertyValueSpecification\",\"valueRequired\":true,\"valueName\":\"search_term_string\"}}],\"inLanguage\":\"es\"},{\"@type\":\"Organization\",\"@id\":\"https:\\\/\\\/lni11062011.es\\\/damira\\\/#organization\",\"name\":\"DAMIRA\",\"url\":\"https:\\\/\\\/lni11062011.es\\\/damira\\\/\",\"logo\":{\"@type\":\"ImageObject\",\"inLanguage\":\"es\",\"@id\":\"https:\\\/\\\/lni11062011.es\\\/damira\\\/#\\\/schema\\\/logo\\\/image\\\/\",\"url\":\"https:\\\/\\\/lni11062011.es\\\/damira\\\/wp-content\\\/uploads\\\/2018\\\/09\\\/Logo-Damira_home2.jpg\",\"contentUrl\":\"https:\\\/\\\/lni11062011.es\\\/damira\\\/wp-content\\\/uploads\\\/2018\\\/09\\\/Logo-Damira_home2.jpg\",\"width\":\"236\",\"height\":\"95\",\"caption\":\"DAMIRA\"},\"image\":{\"@id\":\"https:\\\/\\\/lni11062011.es\\\/damira\\\/#\\\/schema\\\/logo\\\/image\\\/\"},\"sameAs\":[\"https:\\\/\\\/facebook.com\\\/damira.nutricioninfantil\",\"https:\\\/\\\/x.com\\\/damiranutricion\",\"https:\\\/\\\/www.instagram.com\\\/damira.nutricioninfantil\"]}]}<\/script>\n<!-- \/ Yoast SEO plugin. -->","yoast_head_json":{"title":"Primer mes de embarazo, \u00a1Felicidades! Quedan 9 meses para cuidarte","description":"\u00a1Vas a ser mam\u00e1! Enhorabuena. Est\u00e1s empezando a vivir una de las etapas m\u00e1s bonitas e intensas de la vida de una mujer. \u00a1Entra para informarte!","robots":{"index":"index","follow":"follow","max-snippet":"max-snippet:-1","max-image-preview":"max-image-preview:large","max-video-preview":"max-video-preview:-1"},"canonical":"https:\/\/lni11062011.es\/damira\/embarazo\/primer-mes\/","og_locale":"es_ES","og_type":"article","og_title":"Primer mes de embarazo, \u00a1Felicidades! Quedan 9 meses para cuidarte","og_description":"\u00a1Vas a ser mam\u00e1! Enhorabuena. Est\u00e1s empezando a vivir una de las etapas m\u00e1s bonitas e intensas de la vida de una mujer. \u00a1Entra para informarte!","og_url":"https:\/\/lni11062011.es\/damira\/embarazo\/primer-mes\/","og_site_name":"Damira","article_publisher":"https:\/\/facebook.com\/damira.nutricioninfantil","article_modified_time":"2023-09-22T14:33:56+00:00","twitter_card":"summary_large_image","twitter_site":"@damiranutricion","schema":{"@context":"https:\/\/schema.org","@graph":[{"@type":"WebPage","@id":"https:\/\/lni11062011.es\/damira\/embarazo\/primer-mes\/","url":"https:\/\/lni11062011.es\/damira\/embarazo\/primer-mes\/","name":"Primer mes de embarazo, \u00a1Felicidades! Quedan 9 meses para cuidarte","isPartOf":{"@id":"https:\/\/lni11062011.es\/damira\/#website"},"primaryImageOfPage":{"@id":"https:\/\/lni11062011.es\/damira\/embarazo\/primer-mes\/#primaryimage"},"image":{"@id":"https:\/\/lni11062011.es\/damira\/embarazo\/primer-mes\/#primaryimage"},"thumbnailUrl":"","datePublished":"2015-03-16T08:14:42+00:00","dateModified":"2023-09-22T14:33:56+00:00","description":"\u00a1Vas a ser mam\u00e1! Enhorabuena. Est\u00e1s empezando a vivir una de las etapas m\u00e1s bonitas e intensas de la vida de una mujer. \u00a1Entra para informarte!","breadcrumb":{"@id":"https:\/\/lni11062011.es\/damira\/embarazo\/primer-mes\/#breadcrumb"},"inLanguage":"es","potentialAction":[{"@type":"ReadAction","target":["https:\/\/lni11062011.es\/damira\/embarazo\/primer-mes\/"]}]},{"@type":"ImageObject","inLanguage":"es","@id":"https:\/\/lni11062011.es\/damira\/embarazo\/primer-mes\/#primaryimage","url":"","contentUrl":""},{"@type":"BreadcrumbList","@id":"https:\/\/lni11062011.es\/damira\/embarazo\/primer-mes\/#breadcrumb","itemListElement":[{"@type":"ListItem","position":1,"name":"Portada","item":"https:\/\/lni11062011.es\/damira\/"},{"@type":"ListItem","position":2,"name":"Embarazo","item":"https:\/\/lni11062011.es\/damira\/embarazo\/"},{"@type":"ListItem","position":3,"name":"Primer mes"}]},{"@type":"WebSite","@id":"https:\/\/lni11062011.es\/damira\/#website","url":"https:\/\/lni11062011.es\/damira\/","name":"Damira","description":"Expertos en Nutrici\u00f3n Infantil, trabajamos una amplia gama en leches infantiles, papillas de cereales y galletas para ni\u00f1os.","publisher":{"@id":"https:\/\/lni11062011.es\/damira\/#organization"},"potentialAction":[{"@type":"SearchAction","target":{"@type":"EntryPoint","urlTemplate":"https:\/\/lni11062011.es\/damira\/?s={search_term_string}"},"query-input":{"@type":"PropertyValueSpecification","valueRequired":true,"valueName":"search_term_string"}}],"inLanguage":"es"},{"@type":"Organization","@id":"https:\/\/lni11062011.es\/damira\/#organization","name":"DAMIRA","url":"https:\/\/lni11062011.es\/damira\/","logo":{"@type":"ImageObject","inLanguage":"es","@id":"https:\/\/lni11062011.es\/damira\/#\/schema\/logo\/image\/","url":"https:\/\/lni11062011.es\/damira\/wp-content\/uploads\/2018\/09\/Logo-Damira_home2.jpg","contentUrl":"https:\/\/lni11062011.es\/damira\/wp-content\/uploads\/2018\/09\/Logo-Damira_home2.jpg","width":"236","height":"95","caption":"DAMIRA"},"image":{"@id":"https:\/\/lni11062011.es\/damira\/#\/schema\/logo\/image\/"},"sameAs":["https:\/\/facebook.com\/damira.nutricioninfantil","https:\/\/x.com\/damiranutricion","https:\/\/www.instagram.com\/damira.nutricioninfantil"]}]}},"_links":{"self":[{"href":"https:\/\/lni11062011.es\/damira\/wp-json\/wp\/v2\/pages\/3596","targetHints":{"allow":["GET"]}}],"collection":[{"href":"https:\/\/lni11062011.es\/damira\/wp-json\/wp\/v2\/pages"}],"about":[{"href":"https:\/\/lni11062011.es\/damira\/wp-json\/wp\/v2\/types\/page"}],"author":[{"embeddable":true,"href":"https:\/\/lni11062011.es\/damira\/wp-json\/wp\/v2\/users\/1"}],"replies":[{"embeddable":true,"href":"https:\/\/lni11062011.es\/damira\/wp-json\/wp\/v2\/comments?post=3596"}],"version-history":[{"count":0,"href":"https:\/\/lni11062011.es\/damira\/wp-json\/wp\/v2\/pages\/3596\/revisions"}],"up":[{"embeddable":true,"href":"https:\/\/lni11062011.es\/damira\/wp-json\/wp\/v2\/pages\/17199"}],"wp:featuredmedia":[{"embeddable":true,"href":"https:\/\/lni11062011.es\/damira\/wp-json\/"}],"wp:attachment":[{"href":"https:\/\/lni11062011.es\/damira\/wp-json\/wp\/v2\/media?parent=3596"}],"curies":[{"name":"wp","href":"https:\/\/api.w.org\/{rel}","templated":true}]}}