{"id":2578,"date":"2015-12-02T12:54:41","date_gmt":"2015-12-02T12:54:41","guid":{"rendered":"https:\/\/lni11062011.es\/damira\/?page_id=2578"},"modified":"2022-06-09T16:26:20","modified_gmt":"2022-06-09T16:26:20","slug":"aviso-legal","status":"publish","type":"page","link":"https:\/\/lni11062011.es\/damira\/aviso-legal\/","title":{"rendered":"Aviso legal"},"content":{"rendered":"<div class=\"wpb-content-wrapper\"><p>[vc_row][vc_column][vc_column_text]<\/p>\n<p style=\"text-align: justify;\"><strong>1. IDENTIFICACI\u00d3N<\/strong><\/p>\n<p style=\"text-align: justify;\">\u2022 Titular: LACTALIS NUTRICI\u00d3N IBERIA, S.L.U.<br \/>\n\u2022 Domicilio social: Avda. de la Fama, 16-20 planta baja. 08940\u00a0Cornell\u00e0 de Llobregat.<br \/>\n\u2022 CIF: B6533190.<br \/>\n\u2022 Registro P\u00fablico: Barcelona.<br \/>\n\u2022 Tel\u00e9fono y Fax: 902 108 740 \/ 93 377 70 43.<br \/>\n\u2022 E-mail: <a href=\"mailto:info@damira.es\">info@damira.es<\/a><\/p>\n<p style=\"text-align: justify;\"><strong>2. OBJETO (AVISO LEGAL)<\/strong><\/p>\n<p style=\"text-align: justify;\">Lea cuidadosamente este documento. El mismo se constituye como las Condiciones de Uso que regulan el acceso, navegaci\u00f3n y utilizaci\u00f3n del sitio web https:\/\/lni11062011.es\/damira\/\u00a0titularidad de LACTALIS NUTRICI\u00d3N IBERIA, S.L.U<\/p>\n<p>El acceso, navegaci\u00f3n y utilizaci\u00f3n de la Plataforma \/ Web implica por tu parte la aceptaci\u00f3n expresa y sin reservas de todos los t\u00e9rminos del presente Aviso Legal (en adelante, el \u201c<strong>AVISO LEGAL<\/strong>\u201d), teniendo la misma validez y eficacia que cualquier contrato celebrado por escrito y firmado. Su observancia y cumplimiento ser\u00e1 exigible respecto de cualquier persona que acceda, navegue o utilice la Plataforma \/ Web.<\/p>\n<p>A los efectos de la interpretaci\u00f3n del presente Aviso, entendemos que una persona pasa a ser -Usuaria- desde el momento que accede a nuestra p\u00e1gina Web, bastando para ello que la visite.<\/p>\n<p>En principio, no se exige la suscripci\u00f3n o registro como Usuario para el uso de esta web, pero es posible que para utilizar algunos servicios o acceder a determinados contenidos, se deba realizar una previa suscripci\u00f3n o registro como Usuario, en la forma que le indicaremos.<\/p>\n<p>Los contenidos de nuestro portal (publicaciones de los diversos productos, promociones y ofertas) est\u00e1n dirigidos a los residentes en Espa\u00f1a y son v\u00e1lidos en territorio espa\u00f1ol.<\/p>\n<p style=\"text-align: justify;\">Y por \u00faltimo, todo usuario acepta expresamente y de forma inequ\u00edvoca, el Aviso Legal y la <a href=\"https:\/\/lni11062011.es\/damira\/politica-de-privacidad\/\">Pol\u00edtica de Privacidad<\/a>, as\u00ed como las diferentes modificaciones y\/o textos legales adicionales que sean incluidas en el futuro por el LACTALIS NUTRICI\u00d3N IBERIA, S.L.U. Si no est\u00e1s de acuerdo con los t\u00e9rminos expuestos, no accedas, navegues o utilices la Plataforma \/ Web, pudiendo adem\u00e1s y en su caso darte de baja del servicio en cualquier momento.<\/p>\n<p style=\"text-align: justify;\"><strong>3. PROPIEDAD INTELECTUAL E INDUSTRIAL<\/strong><\/p>\n<p style=\"text-align: justify;\">Los contenidos del sitio web https:\/\/lni11062011.es\/damira\/, tanto textos, im\u00e1genes, dise\u00f1o gr\u00e1fico, c\u00f3digo fuente, logos, marcas, etc., son titularidad exclusiva de LACTALIS NUTRICI\u00d3N IBERIA, S.L.U. y est\u00e1n amparados por la normativa reguladora de la Propiedad Intelectual e Industrial, quedando por tanto prohibida la reproducci\u00f3n, modificaci\u00f3n, distribuci\u00f3n o manipulaci\u00f3n de los mismos.<\/p>\n<p>Estamos profundamente comprometidos con la protecci\u00f3n y defensa de los derechos de propiedad intelectual e industrial. Por ello, os informamos que bas\u00e1ndonos en la legislaci\u00f3n aplicable:<\/p>\n<ul>\n<li>En ning\u00fan caso podr\u00e1 entenderse que cedemos a los usuarios ning\u00fan derecho de explotaci\u00f3n sobre los contenidos expuestos m\u00e1s all\u00e1 de lo estrictamente necesario para la visualizaci\u00f3n de los mismos.<\/li>\n<li>Os garantizamos que todos los contenidos que ponemos a vuestra disposici\u00f3n son completamente originales y adecuados a la legislaci\u00f3n nacional vigente, encontr\u00e1ndose todos ellos protegidos por derechos de propiedad intelectual. En aquellos casos en los que no contamos con la propiedad de los contenidos, disponemos de todos los derechos (cedidos) relativos a la comunicaci\u00f3n p\u00fablica, distribuci\u00f3n y\/o reproducci\u00f3n.<\/li>\n<li>Todos los logotipos, marcas y nombres comerciales expuestos a trav\u00e9s del sitio web o de la plataforma, son de nuestra propiedad o en su caso de los terceros que nos hayan cedido\/permitido su utilizaci\u00f3n y\/o explotaci\u00f3n.<\/li>\n<li>Bajo ning\u00fan concepto la navegaci\u00f3n a trav\u00e9s del sitio web puede suponer la renuncia, transmisi\u00f3n, licencia o cesi\u00f3n total o parcial respecto a los derechos de propiedad intelectual o industrial, salvo que se establezca por escrito lo contrario.<\/li>\n<li>Ninguno de los contenidos alojados en la plataforma puede ser descargado, reproducido o utilizado, en ning\u00fan otro dispositivo o lugar diferente a nuestro sitio web, salvo que se haya habilitado por nuestra parte el medio para ello.<\/li>\n<li>Por razones de seguridad, no est\u00e1 permitido utilizar \u201cframes\u201d o mecanismos que alteren o var\u00eden el dise\u00f1o, configuraci\u00f3n original o contenidos del sitio web.<\/li>\n<li>En lo que respecta a los links o hiperenlaces, es posible que os facilitemos el acceso a sitios web de terceros independientes que se encuentran directamente relacionados con la publicidad mostrada y reproducida a trav\u00e9s del sitio web o plataforma. Al no ser p\u00e1ginas de nuestra propiedad y sobre las que tengamos control, no nos hacemos responsables de los contenidos y\/o funcionamiento de las mismas.<\/li>\n<\/ul>\n<p>En caso de que cualquiera de vosotros detect\u00e9is alg\u00fan tipo de contenido contrario a la normativa vigente o que pueda ser da\u00f1ino para los usuarios, os rogamos que nos los notifiqu\u00e9is con la mayor brevedad posible en la siguiente direcci\u00f3n: <a href=\"mailto:info@damira.es\">info@damira.es<\/a><\/p>\n<p>Por tanto, el usuario se obliga a usar este sitio web, sus contenidos y servicios de forma diligente y correcta, de acuerdo a la Ley, la moral, los buenos usos y costumbres, al orden p\u00fablico, la buena fe y a estas Condiciones generales de Uso, con respeto a los derechos de propiedad intelectual e industrial que corresponden al LACTALIS NUTRICI\u00d3N IBERIA, S.L.U.<\/p>\n<p style=\"text-align: justify;\"><strong>4. CONFIDENCIALIDAD Y PROTECCI\u00d3N DE DATOS<\/strong><\/p>\n<p style=\"text-align: justify;\">De conformidad con lo dispuesto por el Reglamento General (UE) 2016\/679 de Protecci\u00f3n de Datos, todos los datos de car\u00e1cter personal facilitados durante la utilizaci\u00f3n del sitio web ser\u00e1n tratados de conformidad con los dispuesto en la <a href=\"https:\/\/lni11062011.es\/damira\/politica-de-privacidad\/\">Pol\u00edtica de Privacidad<\/a> y <a href=\"https:\/\/lni11062011.es\/damira\/politica-de-cookies\/\">Pol\u00edtica de Cookies<\/a> que todo usuario debe aceptar expresamente para poder utilizar y registrarse en el sistema.<\/p>\n<p>Todo usuario que acepte el presente aviso legal, acepta de forma informada, expresa e inequ\u00edvoca nuestra <a href=\"https:\/\/lni11062011.es\/damira\/politica-de-privacidad\/\">Pol\u00edtica de Privacidad<\/a> \u00a0y <a href=\"https:\/\/lni11062011.es\/damira\/politica-de-cookies\/\">Pol\u00edtica de Cookies<\/a>, pudiendo ejercer sus derechos seg\u00fan se informa en \u00e9stas.<\/p>\n<p style=\"text-align: justify;\"><strong>5. RESPONSABILIDADES<\/strong><\/p>\n<p>Estamos comprometidos con que el servicio funcione correctamente y conforme a las condiciones acordadas con nuestros usuarios. No obstante, en ocasiones es posible que se produzcan, especialmente por la intervenci\u00f3n de terceros mal intencionados, situaciones que pudieran llegar a derivar responsabilidades.<\/p>\n<p>En este sentido, a continuaci\u00f3n os indicamos aquellas situaciones en las que no nos hacemos responsables de las actuaciones de los usuarios, debiendo estos asumir todas las responsabilidades derivadas:<\/p>\n<ul>\n<li>En caso de que aparezca publicada en el sitio web o plataforma informaci\u00f3n que no hubiera sido alojada por nuestra parte o que en su caso hubiera sido publicada por un tercero ajeno a la organizaci\u00f3n.<\/li>\n<li>En caso de que el sitio web y la plataforma no se encuentre operativa por razones t\u00e9cnicas imputables a terceros o causas imprevisibles o de fuerza mayor.<\/li>\n<li>En caso de que el usuario almacene, difunda, publique o distribuya en el sitio web cualquier tipo de material difamatorio, injurioso, discriminatorio, que incite a la violencia o que vaya contra la moral, el orden p\u00fablico, los derechos fundamentales, las libertades p\u00fablicas, el honor, la intimidad o la imagen de terceros.<\/li>\n<li>En caso de que el usuario utilice el sitio web o plataforma para introducir datos, virus, c\u00f3digo, equipo de hardware o de telecomunicaciones o cualquier otro instrumento o dispositivo electr\u00f3nico o f\u00edsico y se causen da\u00f1os a los sistemas de otros usuarios.<\/li>\n<li><span style=\"text-align: justify;\">En caso de que cualquiera de los contenidos accesibles a trav\u00e9s del sitio web o plataforma fueran contrarios a la normativa vigente, nos comprometemos a proceder a su retirada inmediata, tan pronto tengamos conocimiento efectivo y corroboremos los hechos. (Cuando vayan acompa\u00f1ados de la resoluci\u00f3n de la autoridad competente a la que se refiere el precepto art\u00edculo 16.1 de la Ley 34\/2002, de 11 de julio, de Servicios de la Sociedad de la Informaci\u00f3n y Comercio electr\u00f3nico.)<\/span><\/li>\n<\/ul>\n<p style=\"text-align: justify;\"><strong>6. RESOLUCI\u00d3N DE CONTROVERSIAS<\/strong><\/p>\n<p>Para toda cuesti\u00f3n litigiosa o que incumba a nuestro sitio web o cualquiera de los que de \u00e9l dependa, ser\u00e1 de aplicaci\u00f3n la legislaci\u00f3n espa\u00f1ola, siendo competentes para la resoluci\u00f3n de todos los conflictos derivados o relacionados con el uso del presente sitio Web, los Juzgados y Tribunales de Madrid siempre que la legislaci\u00f3n aplicable no disponga expresamente que la competencia corresponde a los juzgados o tribunales de otro fuero.<\/p>\n<p style=\"text-align: justify;\">Para presentar reclamaciones en el uso de nuestros servicios pueden dirigirse por correo a la direcci\u00f3n electr\u00f3nica o f\u00edsica arriba indicada.<\/p>\n<p>[\/vc_column_text][\/vc_column][\/vc_row]<\/p>\n<\/div>","protected":false},"excerpt":{"rendered":"<p>[vc_row][vc_column][vc_column_text] 1. IDENTIFICACI\u00d3N \u2022 Titular: LACTALIS NUTRICI\u00d3N IBERIA, S.L.U. \u2022 Domicilio social: Avda. de la Fama, 16-20 planta baja. 08940\u00a0Cornell\u00e0 de Llobregat. \u2022 CIF: B6533190. \u2022 Registro P\u00fablico: Barcelona. \u2022<span class=\"excerpt-hellip\"> [\u2026]<\/span><\/p>\n","protected":false},"author":1,"featured_media":0,"parent":0,"menu_order":0,"comment_status":"open","ping_status":"open","template":"","meta":{"rs_blank_template":"","rs_page_bg_color":"","slide_template_v7":"","footnotes":""},"class_list":["post-2578","page","type-page","status-publish","hentry"],"yoast_head":"<!-- This site is optimized with the Yoast SEO plugin v27.3 - https:\/\/yoast.com\/product\/yoast-seo-wordpress\/ -->\n<title>Pol\u00edtica de Datos<\/title>\n<meta name=\"description\" content=\"Pol\u00edtica de Datos\" \/>\n<meta name=\"robots\" content=\"index, follow, max-snippet:-1, max-image-preview:large, max-video-preview:-1\" \/>\n<link rel=\"canonical\" href=\"https:\/\/lni11062011.es\/damira\/aviso-legal\/\" \/>\n<meta property=\"og:locale\" content=\"es_ES\" \/>\n<meta property=\"og:type\" content=\"article\" \/>\n<meta property=\"og:title\" content=\"Pol\u00edtica de Datos\" \/>\n<meta property=\"og:description\" content=\"Pol\u00edtica de Datos\" \/>\n<meta property=\"og:url\" content=\"https:\/\/lni11062011.es\/damira\/aviso-legal\/\" \/>\n<meta property=\"og:site_name\" content=\"Damira\" \/>\n<meta property=\"article:publisher\" content=\"https:\/\/facebook.com\/damira.nutricioninfantil\" \/>\n<meta property=\"article:modified_time\" content=\"2022-06-09T16:26:20+00:00\" \/>\n<meta name=\"twitter:card\" content=\"summary_large_image\" \/>\n<meta name=\"twitter:site\" content=\"@damiranutricion\" \/>\n<meta name=\"twitter:label1\" content=\"Tiempo de lectura\" \/>\n\t<meta name=\"twitter:data1\" content=\"6 minutos\" \/>\n<script type=\"application\/ld+json\" class=\"yoast-schema-graph\">{\"@context\":\"https:\\\/\\\/schema.org\",\"@graph\":[{\"@type\":\"WebPage\",\"@id\":\"https:\\\/\\\/lni11062011.es\\\/damira\\\/aviso-legal\\\/\",\"url\":\"https:\\\/\\\/lni11062011.es\\\/damira\\\/aviso-legal\\\/\",\"name\":\"Pol\u00edtica de Datos\",\"isPartOf\":{\"@id\":\"https:\\\/\\\/lni11062011.es\\\/damira\\\/#website\"},\"datePublished\":\"2015-12-02T12:54:41+00:00\",\"dateModified\":\"2022-06-09T16:26:20+00:00\",\"description\":\"Pol\u00edtica de Datos\",\"breadcrumb\":{\"@id\":\"https:\\\/\\\/lni11062011.es\\\/damira\\\/aviso-legal\\\/#breadcrumb\"},\"inLanguage\":\"es\",\"potentialAction\":[{\"@type\":\"ReadAction\",\"target\":[\"https:\\\/\\\/lni11062011.es\\\/damira\\\/aviso-legal\\\/\"]}]},{\"@type\":\"BreadcrumbList\",\"@id\":\"https:\\\/\\\/lni11062011.es\\\/damira\\\/aviso-legal\\\/#breadcrumb\",\"itemListElement\":[{\"@type\":\"ListItem\",\"position\":1,\"name\":\"Portada\",\"item\":\"https:\\\/\\\/lni11062011.es\\\/damira\\\/\"},{\"@type\":\"ListItem\",\"position\":2,\"name\":\"Aviso legal\"}]},{\"@type\":\"WebSite\",\"@id\":\"https:\\\/\\\/lni11062011.es\\\/damira\\\/#website\",\"url\":\"https:\\\/\\\/lni11062011.es\\\/damira\\\/\",\"name\":\"Damira\",\"description\":\"Expertos en Nutrici\u00f3n Infantil, trabajamos una amplia gama en leches infantiles, papillas de cereales y galletas para ni\u00f1os.\",\"publisher\":{\"@id\":\"https:\\\/\\\/lni11062011.es\\\/damira\\\/#organization\"},\"potentialAction\":[{\"@type\":\"SearchAction\",\"target\":{\"@type\":\"EntryPoint\",\"urlTemplate\":\"https:\\\/\\\/lni11062011.es\\\/damira\\\/?s={search_term_string}\"},\"query-input\":{\"@type\":\"PropertyValueSpecification\",\"valueRequired\":true,\"valueName\":\"search_term_string\"}}],\"inLanguage\":\"es\"},{\"@type\":\"Organization\",\"@id\":\"https:\\\/\\\/lni11062011.es\\\/damira\\\/#organization\",\"name\":\"DAMIRA\",\"url\":\"https:\\\/\\\/lni11062011.es\\\/damira\\\/\",\"logo\":{\"@type\":\"ImageObject\",\"inLanguage\":\"es\",\"@id\":\"https:\\\/\\\/lni11062011.es\\\/damira\\\/#\\\/schema\\\/logo\\\/image\\\/\",\"url\":\"https:\\\/\\\/lni11062011.es\\\/damira\\\/wp-content\\\/uploads\\\/2018\\\/09\\\/Logo-Damira_home2.jpg\",\"contentUrl\":\"https:\\\/\\\/lni11062011.es\\\/damira\\\/wp-content\\\/uploads\\\/2018\\\/09\\\/Logo-Damira_home2.jpg\",\"width\":\"236\",\"height\":\"95\",\"caption\":\"DAMIRA\"},\"image\":{\"@id\":\"https:\\\/\\\/lni11062011.es\\\/damira\\\/#\\\/schema\\\/logo\\\/image\\\/\"},\"sameAs\":[\"https:\\\/\\\/facebook.com\\\/damira.nutricioninfantil\",\"https:\\\/\\\/x.com\\\/damiranutricion\",\"https:\\\/\\\/www.instagram.com\\\/damira.nutricioninfantil\"]}]}<\/script>\n<!-- \/ Yoast SEO plugin. -->","yoast_head_json":{"title":"Pol\u00edtica de Datos","description":"Pol\u00edtica de Datos","robots":{"index":"index","follow":"follow","max-snippet":"max-snippet:-1","max-image-preview":"max-image-preview:large","max-video-preview":"max-video-preview:-1"},"canonical":"https:\/\/lni11062011.es\/damira\/aviso-legal\/","og_locale":"es_ES","og_type":"article","og_title":"Pol\u00edtica de Datos","og_description":"Pol\u00edtica de Datos","og_url":"https:\/\/lni11062011.es\/damira\/aviso-legal\/","og_site_name":"Damira","article_publisher":"https:\/\/facebook.com\/damira.nutricioninfantil","article_modified_time":"2022-06-09T16:26:20+00:00","twitter_card":"summary_large_image","twitter_site":"@damiranutricion","twitter_misc":{"Tiempo de lectura":"6 minutos"},"schema":{"@context":"https:\/\/schema.org","@graph":[{"@type":"WebPage","@id":"https:\/\/lni11062011.es\/damira\/aviso-legal\/","url":"https:\/\/lni11062011.es\/damira\/aviso-legal\/","name":"Pol\u00edtica de Datos","isPartOf":{"@id":"https:\/\/lni11062011.es\/damira\/#website"},"datePublished":"2015-12-02T12:54:41+00:00","dateModified":"2022-06-09T16:26:20+00:00","description":"Pol\u00edtica de Datos","breadcrumb":{"@id":"https:\/\/lni11062011.es\/damira\/aviso-legal\/#breadcrumb"},"inLanguage":"es","potentialAction":[{"@type":"ReadAction","target":["https:\/\/lni11062011.es\/damira\/aviso-legal\/"]}]},{"@type":"BreadcrumbList","@id":"https:\/\/lni11062011.es\/damira\/aviso-legal\/#breadcrumb","itemListElement":[{"@type":"ListItem","position":1,"name":"Portada","item":"https:\/\/lni11062011.es\/damira\/"},{"@type":"ListItem","position":2,"name":"Aviso legal"}]},{"@type":"WebSite","@id":"https:\/\/lni11062011.es\/damira\/#website","url":"https:\/\/lni11062011.es\/damira\/","name":"Damira","description":"Expertos en Nutrici\u00f3n Infantil, trabajamos una amplia gama en leches infantiles, papillas de cereales y galletas para ni\u00f1os.","publisher":{"@id":"https:\/\/lni11062011.es\/damira\/#organization"},"potentialAction":[{"@type":"SearchAction","target":{"@type":"EntryPoint","urlTemplate":"https:\/\/lni11062011.es\/damira\/?s={search_term_string}"},"query-input":{"@type":"PropertyValueSpecification","valueRequired":true,"valueName":"search_term_string"}}],"inLanguage":"es"},{"@type":"Organization","@id":"https:\/\/lni11062011.es\/damira\/#organization","name":"DAMIRA","url":"https:\/\/lni11062011.es\/damira\/","logo":{"@type":"ImageObject","inLanguage":"es","@id":"https:\/\/lni11062011.es\/damira\/#\/schema\/logo\/image\/","url":"https:\/\/lni11062011.es\/damira\/wp-content\/uploads\/2018\/09\/Logo-Damira_home2.jpg","contentUrl":"https:\/\/lni11062011.es\/damira\/wp-content\/uploads\/2018\/09\/Logo-Damira_home2.jpg","width":"236","height":"95","caption":"DAMIRA"},"image":{"@id":"https:\/\/lni11062011.es\/damira\/#\/schema\/logo\/image\/"},"sameAs":["https:\/\/facebook.com\/damira.nutricioninfantil","https:\/\/x.com\/damiranutricion","https:\/\/www.instagram.com\/damira.nutricioninfantil"]}]}},"_links":{"self":[{"href":"https:\/\/lni11062011.es\/damira\/wp-json\/wp\/v2\/pages\/2578","targetHints":{"allow":["GET"]}}],"collection":[{"href":"https:\/\/lni11062011.es\/damira\/wp-json\/wp\/v2\/pages"}],"about":[{"href":"https:\/\/lni11062011.es\/damira\/wp-json\/wp\/v2\/types\/page"}],"author":[{"embeddable":true,"href":"https:\/\/lni11062011.es\/damira\/wp-json\/wp\/v2\/users\/1"}],"replies":[{"embeddable":true,"href":"https:\/\/lni11062011.es\/damira\/wp-json\/wp\/v2\/comments?post=2578"}],"version-history":[{"count":0,"href":"https:\/\/lni11062011.es\/damira\/wp-json\/wp\/v2\/pages\/2578\/revisions"}],"wp:attachment":[{"href":"https:\/\/lni11062011.es\/damira\/wp-json\/wp\/v2\/media?parent=2578"}],"curies":[{"name":"wp","href":"https:\/\/api.w.org\/{rel}","templated":true}]}}