{"id":18730,"date":"2019-08-01T11:43:33","date_gmt":"2019-08-01T11:43:33","guid":{"rendered":"https:\/\/lni11062011.es\/damira\/?page_id=18730"},"modified":"2025-09-04T11:39:13","modified_gmt":"2025-09-04T11:39:13","slug":"papillas-sin-alergenos","status":"publish","type":"page","link":"https:\/\/lni11062011.es\/damira\/productos\/papillas-de-cereales\/papillas-sin-alergenos\/","title":{"rendered":"Damira CEREALES"},"content":{"rendered":"","protected":false},"excerpt":{"rendered":"","protected":false},"author":1,"featured_media":0,"parent":18719,"menu_order":0,"comment_status":"closed","ping_status":"closed","template":"","meta":{"rs_blank_template":"","rs_page_bg_color":"","slide_template_v7":"","footnotes":""},"class_list":["post-18730","page","type-page","status-publish","hentry"],"yoast_head":"<!-- This site is optimized with the Yoast SEO plugin v27.3 - https:\/\/yoast.com\/product\/yoast-seo-wordpress\/ -->\n<title>Damira CEREALES sin al\u00e9rgenos para tu beb\u00e9 desde los 4 meses<\/title>\n<meta name=\"description\" content=\"Damira CEREALES sin al\u00e9rgenos garantizan la ausencia de prote\u00ednas de leche, lactosa, huevo y soja. Ideal para beb\u00e9s desde los 4 meses.\" \/>\n<meta name=\"robots\" content=\"index, follow, max-snippet:-1, max-image-preview:large, max-video-preview:-1\" \/>\n<link rel=\"canonical\" href=\"https:\/\/lni11062011.es\/damira\/productos\/papillas-de-cereales\/papillas-sin-alergenos\/\" \/>\n<meta property=\"og:locale\" content=\"es_ES\" \/>\n<meta property=\"og:type\" content=\"article\" \/>\n<meta property=\"og:title\" content=\"Damira CEREALES sin al\u00e9rgenos para tu beb\u00e9 desde los 4 meses\" \/>\n<meta property=\"og:description\" content=\"Damira CEREALES sin al\u00e9rgenos garantizan la ausencia de prote\u00ednas de leche, lactosa, huevo y soja. Ideal para beb\u00e9s desde los 4 meses.\" \/>\n<meta property=\"og:url\" content=\"https:\/\/lni11062011.es\/damira\/productos\/papillas-de-cereales\/papillas-sin-alergenos\/\" \/>\n<meta property=\"og:site_name\" content=\"Damira\" \/>\n<meta property=\"article:publisher\" content=\"https:\/\/facebook.com\/damira.nutricioninfantil\" \/>\n<meta property=\"article:modified_time\" content=\"2025-09-04T11:39:13+00:00\" \/>\n<meta name=\"twitter:card\" content=\"summary_large_image\" \/>\n<meta name=\"twitter:site\" content=\"@damiranutricion\" \/>\n<script type=\"application\/ld+json\" class=\"yoast-schema-graph\">{\"@context\":\"https:\\\/\\\/schema.org\",\"@graph\":[{\"@type\":\"WebPage\",\"@id\":\"https:\\\/\\\/lni11062011.es\\\/damira\\\/productos\\\/papillas-de-cereales\\\/papillas-sin-alergenos\\\/\",\"url\":\"https:\\\/\\\/lni11062011.es\\\/damira\\\/productos\\\/papillas-de-cereales\\\/papillas-sin-alergenos\\\/\",\"name\":\"Damira CEREALES sin al\u00e9rgenos para tu beb\u00e9 desde los 4 meses\",\"isPartOf\":{\"@id\":\"https:\\\/\\\/lni11062011.es\\\/damira\\\/#website\"},\"datePublished\":\"2019-08-01T11:43:33+00:00\",\"dateModified\":\"2025-09-04T11:39:13+00:00\",\"description\":\"Damira CEREALES sin al\u00e9rgenos garantizan la ausencia de prote\u00ednas de leche, lactosa, huevo y soja. Ideal para beb\u00e9s desde los 4 meses.\",\"breadcrumb\":{\"@id\":\"https:\\\/\\\/lni11062011.es\\\/damira\\\/productos\\\/papillas-de-cereales\\\/papillas-sin-alergenos\\\/#breadcrumb\"},\"inLanguage\":\"es\",\"potentialAction\":[{\"@type\":\"ReadAction\",\"target\":[\"https:\\\/\\\/lni11062011.es\\\/damira\\\/productos\\\/papillas-de-cereales\\\/papillas-sin-alergenos\\\/\"]}]},{\"@type\":\"BreadcrumbList\",\"@id\":\"https:\\\/\\\/lni11062011.es\\\/damira\\\/productos\\\/papillas-de-cereales\\\/papillas-sin-alergenos\\\/#breadcrumb\",\"itemListElement\":[{\"@type\":\"ListItem\",\"position\":1,\"name\":\"Portada\",\"item\":\"https:\\\/\\\/lni11062011.es\\\/damira\\\/\"},{\"@type\":\"ListItem\",\"position\":2,\"name\":\"Productos\",\"item\":\"https:\\\/\\\/lni11062011.es\\\/damira\\\/productos\\\/\"},{\"@type\":\"ListItem\",\"position\":3,\"name\":\"Cereales\",\"item\":\"https:\\\/\\\/lni11062011.es\\\/damira\\\/productos\\\/papillas-de-cereales\\\/\"},{\"@type\":\"ListItem\",\"position\":4,\"name\":\"Damira CEREALES\"}]},{\"@type\":\"WebSite\",\"@id\":\"https:\\\/\\\/lni11062011.es\\\/damira\\\/#website\",\"url\":\"https:\\\/\\\/lni11062011.es\\\/damira\\\/\",\"name\":\"Damira\",\"description\":\"Expertos en Nutrici\u00f3n Infantil, trabajamos una amplia gama en leches infantiles, papillas de cereales y galletas para ni\u00f1os.\",\"publisher\":{\"@id\":\"https:\\\/\\\/lni11062011.es\\\/damira\\\/#organization\"},\"potentialAction\":[{\"@type\":\"SearchAction\",\"target\":{\"@type\":\"EntryPoint\",\"urlTemplate\":\"https:\\\/\\\/lni11062011.es\\\/damira\\\/?s={search_term_string}\"},\"query-input\":{\"@type\":\"PropertyValueSpecification\",\"valueRequired\":true,\"valueName\":\"search_term_string\"}}],\"inLanguage\":\"es\"},{\"@type\":\"Organization\",\"@id\":\"https:\\\/\\\/lni11062011.es\\\/damira\\\/#organization\",\"name\":\"DAMIRA\",\"url\":\"https:\\\/\\\/lni11062011.es\\\/damira\\\/\",\"logo\":{\"@type\":\"ImageObject\",\"inLanguage\":\"es\",\"@id\":\"https:\\\/\\\/lni11062011.es\\\/damira\\\/#\\\/schema\\\/logo\\\/image\\\/\",\"url\":\"https:\\\/\\\/lni11062011.es\\\/damira\\\/wp-content\\\/uploads\\\/2018\\\/09\\\/Logo-Damira_home2.jpg\",\"contentUrl\":\"https:\\\/\\\/lni11062011.es\\\/damira\\\/wp-content\\\/uploads\\\/2018\\\/09\\\/Logo-Damira_home2.jpg\",\"width\":\"236\",\"height\":\"95\",\"caption\":\"DAMIRA\"},\"image\":{\"@id\":\"https:\\\/\\\/lni11062011.es\\\/damira\\\/#\\\/schema\\\/logo\\\/image\\\/\"},\"sameAs\":[\"https:\\\/\\\/facebook.com\\\/damira.nutricioninfantil\",\"https:\\\/\\\/x.com\\\/damiranutricion\",\"https:\\\/\\\/www.instagram.com\\\/damira.nutricioninfantil\"]}]}<\/script>\n<!-- \/ Yoast SEO plugin. -->","yoast_head_json":{"title":"Damira CEREALES sin al\u00e9rgenos para tu beb\u00e9 desde los 4 meses","description":"Damira CEREALES sin al\u00e9rgenos garantizan la ausencia de prote\u00ednas de leche, lactosa, huevo y soja. Ideal para beb\u00e9s desde los 4 meses.","robots":{"index":"index","follow":"follow","max-snippet":"max-snippet:-1","max-image-preview":"max-image-preview:large","max-video-preview":"max-video-preview:-1"},"canonical":"https:\/\/lni11062011.es\/damira\/productos\/papillas-de-cereales\/papillas-sin-alergenos\/","og_locale":"es_ES","og_type":"article","og_title":"Damira CEREALES sin al\u00e9rgenos para tu beb\u00e9 desde los 4 meses","og_description":"Damira CEREALES sin al\u00e9rgenos garantizan la ausencia de prote\u00ednas de leche, lactosa, huevo y soja. Ideal para beb\u00e9s desde los 4 meses.","og_url":"https:\/\/lni11062011.es\/damira\/productos\/papillas-de-cereales\/papillas-sin-alergenos\/","og_site_name":"Damira","article_publisher":"https:\/\/facebook.com\/damira.nutricioninfantil","article_modified_time":"2025-09-04T11:39:13+00:00","twitter_card":"summary_large_image","twitter_site":"@damiranutricion","schema":{"@context":"https:\/\/schema.org","@graph":[{"@type":"WebPage","@id":"https:\/\/lni11062011.es\/damira\/productos\/papillas-de-cereales\/papillas-sin-alergenos\/","url":"https:\/\/lni11062011.es\/damira\/productos\/papillas-de-cereales\/papillas-sin-alergenos\/","name":"Damira CEREALES sin al\u00e9rgenos para tu beb\u00e9 desde los 4 meses","isPartOf":{"@id":"https:\/\/lni11062011.es\/damira\/#website"},"datePublished":"2019-08-01T11:43:33+00:00","dateModified":"2025-09-04T11:39:13+00:00","description":"Damira CEREALES sin al\u00e9rgenos garantizan la ausencia de prote\u00ednas de leche, lactosa, huevo y soja. Ideal para beb\u00e9s desde los 4 meses.","breadcrumb":{"@id":"https:\/\/lni11062011.es\/damira\/productos\/papillas-de-cereales\/papillas-sin-alergenos\/#breadcrumb"},"inLanguage":"es","potentialAction":[{"@type":"ReadAction","target":["https:\/\/lni11062011.es\/damira\/productos\/papillas-de-cereales\/papillas-sin-alergenos\/"]}]},{"@type":"BreadcrumbList","@id":"https:\/\/lni11062011.es\/damira\/productos\/papillas-de-cereales\/papillas-sin-alergenos\/#breadcrumb","itemListElement":[{"@type":"ListItem","position":1,"name":"Portada","item":"https:\/\/lni11062011.es\/damira\/"},{"@type":"ListItem","position":2,"name":"Productos","item":"https:\/\/lni11062011.es\/damira\/productos\/"},{"@type":"ListItem","position":3,"name":"Cereales","item":"https:\/\/lni11062011.es\/damira\/productos\/papillas-de-cereales\/"},{"@type":"ListItem","position":4,"name":"Damira CEREALES"}]},{"@type":"WebSite","@id":"https:\/\/lni11062011.es\/damira\/#website","url":"https:\/\/lni11062011.es\/damira\/","name":"Damira","description":"Expertos en Nutrici\u00f3n Infantil, trabajamos una amplia gama en leches infantiles, papillas de cereales y galletas para ni\u00f1os.","publisher":{"@id":"https:\/\/lni11062011.es\/damira\/#organization"},"potentialAction":[{"@type":"SearchAction","target":{"@type":"EntryPoint","urlTemplate":"https:\/\/lni11062011.es\/damira\/?s={search_term_string}"},"query-input":{"@type":"PropertyValueSpecification","valueRequired":true,"valueName":"search_term_string"}}],"inLanguage":"es"},{"@type":"Organization","@id":"https:\/\/lni11062011.es\/damira\/#organization","name":"DAMIRA","url":"https:\/\/lni11062011.es\/damira\/","logo":{"@type":"ImageObject","inLanguage":"es","@id":"https:\/\/lni11062011.es\/damira\/#\/schema\/logo\/image\/","url":"https:\/\/lni11062011.es\/damira\/wp-content\/uploads\/2018\/09\/Logo-Damira_home2.jpg","contentUrl":"https:\/\/lni11062011.es\/damira\/wp-content\/uploads\/2018\/09\/Logo-Damira_home2.jpg","width":"236","height":"95","caption":"DAMIRA"},"image":{"@id":"https:\/\/lni11062011.es\/damira\/#\/schema\/logo\/image\/"},"sameAs":["https:\/\/facebook.com\/damira.nutricioninfantil","https:\/\/x.com\/damiranutricion","https:\/\/www.instagram.com\/damira.nutricioninfantil"]}]}},"_links":{"self":[{"href":"https:\/\/lni11062011.es\/damira\/wp-json\/wp\/v2\/pages\/18730","targetHints":{"allow":["GET"]}}],"collection":[{"href":"https:\/\/lni11062011.es\/damira\/wp-json\/wp\/v2\/pages"}],"about":[{"href":"https:\/\/lni11062011.es\/damira\/wp-json\/wp\/v2\/types\/page"}],"author":[{"embeddable":true,"href":"https:\/\/lni11062011.es\/damira\/wp-json\/wp\/v2\/users\/1"}],"replies":[{"embeddable":true,"href":"https:\/\/lni11062011.es\/damira\/wp-json\/wp\/v2\/comments?post=18730"}],"version-history":[{"count":0,"href":"https:\/\/lni11062011.es\/damira\/wp-json\/wp\/v2\/pages\/18730\/revisions"}],"up":[{"embeddable":true,"href":"https:\/\/lni11062011.es\/damira\/wp-json\/wp\/v2\/pages\/18719"}],"wp:attachment":[{"href":"https:\/\/lni11062011.es\/damira\/wp-json\/wp\/v2\/media?parent=18730"}],"curies":[{"name":"wp","href":"https:\/\/api.w.org\/{rel}","templated":true}]}}